{"id":734,"date":"2020-12-16T10:04:10","date_gmt":"2020-12-16T10:04:10","guid":{"rendered":"https:\/\/arborex.ellipse.vn\/triet-ly-doanh-nghiep\/"},"modified":"2020-12-18T08:03:07","modified_gmt":"2020-12-18T08:03:07","slug":"compan-mission-statement","status":"publish","type":"page","link":"https:\/\/arborex.squareinteriordecor.com\/en\/compan-mission-statement\/","title":{"rendered":"Company mission statement"},"content":{"rendered":"\t<section class=\"section\" id=\"section_1273384476\">\n\t\t<div class=\"bg section-bg fill bg-fill  bg-loaded\" >\n\n\t\t\t\n\t\t\t\n\t\t\t\n\n\t\t<\/div>\n\n\t\t<div class=\"section-content relative\">\n\t\t\t\n\n  <div class=\"banner has-hover is-full-height\" id=\"banner-1841983926\">\n          <div class=\"banner-inner fill\">\n        <div class=\"banner-bg fill\" >\n            <div class=\"bg fill bg-fill \"><\/div>\n                        <div class=\"overlay\"><\/div>            \n                    <\/div>\n        <div class=\"banner-layers container\">\n            <div class=\"fill banner-link\"><\/div>            \n   <div id=\"text-box-232183642\" class=\"text-box banner-layer x50 md-x5 lg-x10 y15 md-y20 lg-y20 res-text\">\n                                <div class=\"text dark\">\n              \n              <div class=\"text-inner text-center\">\n                  \n<h2 class=\"\">Tri\u1ebft l\u00fd doanh nghi\u1ec7p<\/h2>\n              <\/div>\n           <\/div>\n                            \n<style>\n#text-box-232183642 {\n  width: 100%;\n}\n#text-box-232183642 .text {\n  font-size: 100%;\n}\n@media (min-width:550px) {\n  #text-box-232183642 {\n    width: 66%;\n  }\n}\n@media (min-width:850px) {\n  #text-box-232183642 {\n    width: 40%;\n  }\n}\n<\/style>\n    <\/div>\n \n        <\/div>\n      <\/div>\n\n            \n<style>\n#banner-1841983926 {\n  padding-top: 100%;\n}\n#banner-1841983926 .bg.bg-loaded {\n  background-image: url(https:\/\/arborex.squareinteriordecor.com\/wp-content\/uploads\/2020\/12\/cop-phi-img2.jpg);\n}\n#banner-1841983926 .overlay {\n  background-color: rgba(0, 0, 0, 0.31);\n}\n<\/style>\n  <\/div>\n\n\n\t\t<\/div>\n\n\t\t\n<style>\n#section_1273384476 {\n  padding-top: 30px;\n  padding-bottom: 30px;\n}\n<\/style>\n\t<\/section>\n\t\n\t<section class=\"section dark\" id=\"section_346281707\">\n\t\t<div class=\"bg section-bg fill bg-fill  bg-loaded\" >\n\n\t\t\t\n\t\t\t<div class=\"section-bg-overlay absolute fill\"><\/div>\n\t\t\t\n\n\t\t<\/div>\n\n\t\t<div class=\"section-content relative\">\n\t\t\t\n<div class=\"row row-collapse align-bottom\" style=\"max-width:1000px\" id=\"row-737893177\">\n\n\t<div id=\"col-1600897488\" class=\"col small-12 large-12\"  >\n\t\t<div class=\"col-inner\"  >\n\t\t\t\n\t\t\t\n\t<div id=\"text-1252037484\" class=\"text\">\n\t\t\n<h1 class=\"\">Ch\u00fang t\u00f4i \u0111\u1eb7t tr\u1ecdng t\u00e2m v\u00e0 ph\u00e1t tri\u1ec3n kinh doanh d\u1ef1a tr\u00ean vi\u1ec7c l\u00e0m ch\u1ee7 c\u00e2y v\u00e0 g\u1ed7 v\u1edbi m\u1ee5c \u0111\u00edch ki\u1ebfn m\u00f4i tr\u01b0\u1eddng s\u1ed1ng tho\u1ea3i m\u00e1i cho kh\u00e1ch h\u00e0ng.<\/h1>\n\t\t\n<style>\n#text-1252037484 {\n  text-align: center;\n}\n<\/style>\n\t<\/div>\n\t\n\t\t<\/div>\n\t\t\t<\/div>\n\n\t\n<\/div>\n\t\t<\/div>\n\n\t\t\n<style>\n#section_346281707 {\n  padding-top: 30px;\n  padding-bottom: 30px;\n}\n#section_346281707 .section-bg-overlay {\n  background-color: rgb(48, 69, 83);\n}\n<\/style>\n\t<\/section>\n\t\n\t<section class=\"section\" id=\"section_650042320\">\n\t\t<div class=\"bg section-bg fill bg-fill  \" >\n\n\t\t\t\n\t\t\t\n\t\t\t\n\n\t\t<\/div>\n\n\t\t<div class=\"section-content relative\">\n\t\t\t\n<div class=\"row\" style=\"max-width:1000px\" id=\"row-1269888564\">\n\n\t<div id=\"col-1719253481\" class=\"col medium-8 small-12 large-8\"  >\n\t\t<div class=\"col-inner\"  >\n\t\t\t\n\t\t\t\n\n  <div class=\"banner has-hover\" id=\"banner-1298221078\">\n          <div class=\"banner-inner fill\">\n        <div class=\"banner-bg fill\" >\n            <div class=\"bg fill bg-fill \"><\/div>\n                        <div class=\"overlay\"><\/div>            \n                    <\/div>\n        <div class=\"banner-layers container\">\n            <div class=\"fill banner-link\"><\/div>            \n   <div id=\"text-box-2086829480\" class=\"text-box banner-layer text-box-circle x50 md-x50 lg-x50 y0 md-y0 lg-y0 res-text\">\n                                <div class=\"text dark\">\n              \n              <div class=\"text-inner text-center\">\n                  \n<h3 class=\"\"><b>Ch\u1ee7 \u0111\u1ec1 kinh doanh<\/b><\/h3>\n              <\/div>\n           <\/div>\n                            \n<style>\n#text-box-2086829480 .text {\n  background-color: rgb(2, 177, 121);\n  font-size: 85%;\n}\n#text-box-2086829480 {\n  width: 35%;\n}\n<\/style>\n    <\/div>\n \n        <\/div>\n      <\/div>\n\n              <div class=\"height-fix is-invisible\"><\/div>\n            \n<style>\n#banner-1298221078 .overlay {\n  background-color: rgba(255, 255, 255, 0);\n}\n#banner-1298221078 {\n  background-color: rgba(0, 0, 0, 0);\n}\n<\/style>\n  <\/div>\n\n\n<div class=\"row\"  id=\"row-1526675347\">\n\n\t<div id=\"col-414214634\" class=\"col small-12 large-12\"  >\n\t\t<div class=\"col-inner\"  >\n\t\t\t\n\t\t\t\n\t<div id=\"text-1745377872\" class=\"text\">\n\t\t\n<h4 class=\"\">L\u00e0m ch\u1ee7 v\u00e0 ph\u00e1t tri\u1ec3n m\u00f4 h\u00ecnh kinh doanh s\u1eed d\u1ee5ng c\u00e2y v\u00e0 g\u1ed7<\/h4>\n\t\t\n<style>\n#text-1745377872 {\n  text-align: left;\n}\n<\/style>\n\t<\/div>\n\t\n\t<div id=\"text-1178922144\" class=\"text\">\n\t\t\n<p>\u201cL\u00e0m ch\u1ee7 c\u00e2y v\u00e0 g\u1ed7\u201d c\u00f3 ngh\u0129a l\u00e0 n\u0103ng l\u1ef1c kh\u00e9o l\u00e9o trong vi\u1ec7c x\u1eed l\u00fd c\u00e2y v\u00e0 g\u1ed7. \u0110i\u1ec1u n\u00e0y bao g\u1ed3m kh\u1ea3o s\u00e1t v\u00e0 nghi\u00ean c\u1ee9u v\u1ec1 c\u00f4ng ngh\u1ec7 sinh h\u1ecdc, ph\u00e1t tri\u1ec3n v\u1eadt li\u1ec7u m\u1edbi v\u1edbi c\u00e1c \u0111\u1eb7c \u0111i\u1ec3m kh\u00f4ng t\u00ecm th\u1ea5y trong c\u00e2y th\u00f4ng th\u01b0\u1eddng. \u201cPh\u00e1t tri\u1ec3n kinh doanh b\u1eb1ng c\u00e1ch s\u1eed d\u1ee5ng c\u00e2y v\u00e0 g\u1ed7\u201d c\u00f3 ngh\u0129a l\u00e0 ph\u00e1t tri\u1ec3n c\u00e1c chi\u1ebfn l\u01b0\u1ee3c kinh doanh m\u1edbi b\u1eaft ngu\u1ed3n t\u1eeb c\u00e2y v\u00e0 g\u1ed7<\/p>\n\t\t\n<style>\n#text-1178922144 {\n  text-align: left;\n}\n<\/style>\n\t<\/div>\n\t\n\t\t<\/div>\n\t\t\t<\/div>\n\n\t\n<\/div>\n\t\t<\/div>\n\t\t\t<\/div>\n\n\t\n\n\t<div id=\"col-1729029461\" class=\"col medium-4 small-12 large-4\"  >\n\t\t<div class=\"col-inner\"  >\n\t\t\t\n\t\t\t\n\n  <div class=\"banner has-hover\" id=\"banner-560233705\">\n          <div class=\"banner-inner fill\">\n        <div class=\"banner-bg fill\" >\n            <div class=\"bg fill bg-fill \"><\/div>\n                                    \n                    <\/div>\n        <div class=\"banner-layers container\">\n            <div class=\"fill banner-link\"><\/div>            \n        <\/div>\n      <\/div>\n\n            \n<style>\n#banner-560233705 {\n  padding-top: 420px;\n}\n#banner-560233705 .bg.bg-loaded {\n  background-image: url(https:\/\/arborex.squareinteriordecor.com\/wp-content\/uploads\/2020\/12\/keiei-img6.jpg);\n}\n<\/style>\n  <\/div>\n\n\n\t\t<\/div>\n\t\t\t<\/div>\n\n\t\n<\/div>\n\t\t<\/div>\n\n\t\t\n<style>\n#section_650042320 {\n  padding-top: 30px;\n  padding-bottom: 30px;\n}\n#section_650042320 .section-bg.bg-loaded {\n  background-image: url(https:\/\/arborex.squareinteriordecor.com\/wp-content\/uploads\/2020\/12\/cop-phi-img5.jpg);\n}\n<\/style>\n\t<\/section>\n\t\n\t<section class=\"section\" id=\"section_170406038\">\n\t\t<div class=\"bg section-bg fill bg-fill  bg-loaded\" >\n\n\t\t\t\n\t\t\t\n\t\t\t\n\n\t\t<\/div>\n\n\t\t<div class=\"section-content relative\">\n\t\t\t\n<div class=\"row\" style=\"max-width:1000px\" id=\"row-1326212770\">\n\n\t<div id=\"col-2111562241\" class=\"col medium-8 small-12 large-8\"  >\n\t\t<div class=\"col-inner\"  >\n\t\t\t\n\t\t\t\n\n  <div class=\"banner has-hover\" id=\"banner-1204842630\">\n          <div class=\"banner-inner fill\">\n        <div class=\"banner-bg fill\" >\n            <div class=\"bg fill bg-fill \"><\/div>\n                        <div class=\"overlay\"><\/div>            \n                    <\/div>\n        <div class=\"banner-layers container\">\n            <div class=\"fill banner-link\"><\/div>            \n   <div id=\"text-box-945920235\" class=\"text-box banner-layer text-box-circle x50 md-x50 lg-x50 y0 md-y0 lg-y0 res-text\">\n                                <div class=\"text dark\">\n              \n              <div class=\"text-inner text-center\">\n                  \n<h3 class=\"\"><b>Cam k\u1ebft c\u1ee7a ch\u00fang t\u00f4i<\/b><\/h3>\n              <\/div>\n           <\/div>\n                            \n<style>\n#text-box-945920235 .text {\n  background-color: rgb(12, 180, 206);\n  font-size: 85%;\n}\n#text-box-945920235 {\n  width: 40%;\n}\n<\/style>\n    <\/div>\n \n        <\/div>\n      <\/div>\n\n              <div class=\"height-fix is-invisible\"><\/div>\n            \n<style>\n#banner-1204842630 .overlay {\n  background-color: rgba(255, 255, 255, 0);\n}\n#banner-1204842630 {\n  background-color: rgba(0, 0, 0, 0);\n}\n<\/style>\n  <\/div>\n\n\n\t<div id=\"gap-766914126\" class=\"gap-element clearfix\" style=\"display:block; height:auto;\">\n\t\t\n<style>\n#gap-766914126 {\n  padding-top: 80px;\n}\n<\/style>\n\t<\/div>\n\t\n<div class=\"row\"  id=\"row-678428978\">\n\n\t<div id=\"col-635817924\" class=\"col small-12 large-12\"  >\n\t\t<div class=\"col-inner\"  >\n\t\t\t\n\t\t\t\n\t<div id=\"text-3907052086\" class=\"text\">\n\t\t\n<h4 class=\"\">Cam k\u1ebft c\u1ee7a ch\u00fang t\u00f4i<br \/>\nCh\u00fang t\u00f4i cam k\u1ebft r\u1eb1ng c\u00e1c s\u1ea3n ph\u1ea9m \u0111\u01b0\u1ee3c t\u1ea1o ra ch\u1ee9a \u0111\u1ef1ng tr\u00ed tu\u1ec7 v\u00e0 s\u1ef1 \u0111\u1ea3m b\u1ea3o.<\/h4>\n\t\t\n<style>\n#text-3907052086 {\n  text-align: left;\n}\n<\/style>\n\t<\/div>\n\t\n\t<div id=\"text-3823867858\" class=\"text\">\n\t\t\n<p>Ch\u00fang t\u00f4i \u0111\u1ea3m b\u1ea3o duy tr\u00ec ch\u1ea5t l\u01b0\u1ee3ng v\u00e0 ti\u00eau chu\u1ea9n cao nh\u1ea5t<\/p>\n\t\t\n<style>\n#text-3823867858 {\n  text-align: left;\n}\n<\/style>\n\t<\/div>\n\t\n\t\t<\/div>\n\t\t\t<\/div>\n\n\t\n<\/div>\n\t\t<\/div>\n\t\t\t<\/div>\n\n\t\n\n\t<div id=\"col-851739919\" class=\"col medium-4 small-12 large-4\"  >\n\t\t<div class=\"col-inner\"  >\n\t\t\t\n\t\t\t\n\n  <div class=\"banner has-hover\" id=\"banner-2043875824\">\n          <div class=\"banner-inner fill\">\n        <div class=\"banner-bg fill\" >\n            <div class=\"bg fill bg-fill \"><\/div>\n                                    \n                    <\/div>\n        <div class=\"banner-layers container\">\n            <div class=\"fill banner-link\"><\/div>            \n        <\/div>\n      <\/div>\n\n            \n<style>\n#banner-2043875824 {\n  padding-top: 420px;\n}\n#banner-2043875824 .bg.bg-loaded {\n  background-image: url(https:\/\/arborex.squareinteriordecor.com\/wp-content\/uploads\/2020\/12\/pro-stragedoor1-1.jpg);\n}\n<\/style>\n  <\/div>\n\n\n\t\t<\/div>\n\t\t\t<\/div>\n\n\t\n<\/div>\n\t\t<\/div>\n\n\t\t\n<style>\n#section_170406038 {\n  padding-top: 30px;\n  padding-bottom: 30px;\n}\n<\/style>\n\t<\/section>\n\t\n\t<section class=\"section\" id=\"section_1050920092\">\n\t\t<div class=\"bg section-bg fill bg-fill  \" >\n\n\t\t\t\n\t\t\t<div class=\"section-bg-overlay absolute fill\"><\/div>\n\t\t\t\n\n\t\t<\/div>\n\n\t\t<div class=\"section-content relative\">\n\t\t\t\n<div class=\"row\" style=\"max-width:1000px\" id=\"row-1888306387\">\n\n\t<div id=\"col-1666337337\" class=\"col medium-8 small-12 large-8\"  >\n\t\t<div class=\"col-inner\"  >\n\t\t\t\n\t\t\t\n\n  <div class=\"banner has-hover\" id=\"banner-948928770\">\n          <div class=\"banner-inner fill\">\n        <div class=\"banner-bg fill\" >\n            <div class=\"bg fill bg-fill \"><\/div>\n                        <div class=\"overlay\"><\/div>            \n                    <\/div>\n        <div class=\"banner-layers container\">\n            <div class=\"fill banner-link\"><\/div>            \n   <div id=\"text-box-1914884250\" class=\"text-box banner-layer text-box-circle x50 md-x50 lg-x50 y0 md-y0 lg-y0 res-text\">\n                                <div class=\"text dark\">\n              \n              <div class=\"text-inner text-center\">\n                  \n<h3 class=\"\"><b>Nhi\u1ec7m v\u1ee5 c\u1ee7a ch\u00fang t\u00f4i<\/b><\/h3>\n              <\/div>\n           <\/div>\n                            \n<style>\n#text-box-1914884250 .text {\n  background-color: rgb(48, 69, 83);\n  font-size: 85%;\n}\n#text-box-1914884250 {\n  width: 40%;\n}\n<\/style>\n    <\/div>\n \n        <\/div>\n      <\/div>\n\n              <div class=\"height-fix is-invisible\"><\/div>\n            \n<style>\n#banner-948928770 .overlay {\n  background-color: rgba(255, 255, 255, 0);\n}\n#banner-948928770 {\n  background-color: rgba(0, 0, 0, 0);\n}\n<\/style>\n  <\/div>\n\n\n\t<div id=\"gap-18100096\" class=\"gap-element clearfix\" style=\"display:block; height:auto;\">\n\t\t\n<style>\n#gap-18100096 {\n  padding-top: 80px;\n}\n<\/style>\n\t<\/div>\n\t\n<div class=\"row\"  id=\"row-1633550314\">\n\n\t<div id=\"col-1613252737\" class=\"col small-12 large-12\"  >\n\t\t<div class=\"col-inner\"  >\n\t\t\t\n\t\t\t\n\t<div id=\"text-3932933371\" class=\"text\">\n\t\t\n<h4 class=\"mautrang\">Nhi\u1ec7m v\u1ee5 c\u1ee7a ch\u00fang t\u00f4i<br \/>\nCh\u00fang t\u00f4i h\u01b0\u1edbng \u0111\u1ebfn tr\u1edf th\u00e0nh m\u1ed9t c\u00f4ng ty l\u00e0 n\u01a1i t\u1eadp h\u1ee3p c\u1ee7a nh\u1eefng con ng\u01b0\u1eddi t\u00e0i n\u0103ng, v\u1edbi k\u1ef9 n\u0103ng \u0111\u1ed9c \u0111\u00e1o v\u00e0 kh\u1ea3 n\u0103ng qu\u1ea3n l\u00fd xu\u1ea5t s\u1eafc kh\u00e1c bi\u1ec7t.<\/h4>\n\t\t\n<style>\n#text-3932933371 {\n  text-align: left;\n}\n<\/style>\n\t<\/div>\n\t\n\t<div id=\"text-2702040622\" class=\"text\">\n\t\t\n<p class=\"mautrang\">Thay v\u00ec c\u1ea1nh tranh v\u1edbi c\u00e1c c\u00f4ng ty kh\u00e1c \u0111\u1ec3 b\u00e1n h\u00e0ng, gi\u00e0nh th\u1ecb ph\u1ea7n, s\u1ed1 l\u01b0\u1ee3ng nh\u00e2n vi\u00ean, ch\u00fang t\u00f4i c\u1ed1 g\u1eafng g\u00ecn gi\u1eef nh\u1eefng gi\u00e1 tr\u1ecb kh\u00e1c bi\u1ec7t v\u00e0 \u0111i\u1ec3m \u0111\u1ed9c \u0111\u00e1o c\u1ee7a ch\u00fang t\u00f4i.<\/p>\n\t\t\n<style>\n#text-2702040622 {\n  text-align: left;\n}\n<\/style>\n\t<\/div>\n\t\n\t\t<\/div>\n\t\t\t<\/div>\n\n\t\n<\/div>\n\t\t<\/div>\n\t\t\t<\/div>\n\n\t\n\n\t<div id=\"col-20566220\" class=\"col medium-4 small-12 large-4\"  >\n\t\t<div class=\"col-inner\"  >\n\t\t\t\n\t\t\t\n\n  <div class=\"banner has-hover\" id=\"banner-142073460\">\n          <div class=\"banner-inner fill\">\n        <div class=\"banner-bg fill\" >\n            <div class=\"bg fill bg-fill \"><\/div>\n                                    \n                    <\/div>\n        <div class=\"banner-layers container\">\n            <div class=\"fill banner-link\"><\/div>            \n        <\/div>\n      <\/div>\n\n            \n<style>\n#banner-142073460 {\n  padding-top: 450px;\n}\n#banner-142073460 .bg.bg-loaded {\n  background-image: url(https:\/\/arborex.squareinteriordecor.com\/wp-content\/uploads\/2020\/12\/cop-phi-img7.jpg);\n}\n<\/style>\n  <\/div>\n\n\n\t\t<\/div>\n\t\t\t<\/div>\n\n\t\n<\/div>\n\t\t<\/div>\n\n\t\t\n<style>\n#section_1050920092 {\n  padding-top: 30px;\n  padding-bottom: 30px;\n}\n#section_1050920092 .section-bg-overlay {\n  background-color: rgba(31, 182, 205, 0.95);\n}\n#section_1050920092 .section-bg.bg-loaded {\n  background-image: url(https:\/\/arborex.squareinteriordecor.com\/wp-content\/uploads\/2020\/12\/cop-phi-img3b.jpg);\n}\n<\/style>\n\t<\/section>\n\t\n\t<section class=\"section\" id=\"section_516334589\">\n\t\t<div class=\"bg section-bg fill bg-fill  bg-loaded\" >\n\n\t\t\t\n\t\t\t\n\t\t\t\n\n\t\t<\/div>\n\n\t\t<div class=\"section-content relative\">\n\t\t\t\n<div class=\"row\" style=\"max-width:1000px\" id=\"row-1376865672\">\n\n\t<div id=\"col-128797965\" class=\"col small-12 large-12\"  >\n\t\t<div class=\"col-inner\"  >\n\t\t\t\n\t\t\t\n\n  <div class=\"banner has-hover\" id=\"banner-2012016559\">\n          <div class=\"banner-inner fill\">\n        <div class=\"banner-bg fill\" >\n            <div class=\"bg fill bg-fill \"><\/div>\n                                    \n                    <\/div>\n        <div class=\"banner-layers container\">\n            <div class=\"fill banner-link\"><\/div>            \n   <div id=\"text-box-2026997360\" class=\"text-box banner-layer text-box-circle x50 md-x50 lg-x50 y50 md-y50 lg-y50 res-text\">\n                                <div class=\"text dark\">\n              \n              <div class=\"text-inner text-center\">\n                  \n<h3 class=\"uppercase\"><strong>Th\u00e1i \u0111\u1ed9 ph\u1ea3i c\u00f3<\/strong><\/h3>\n              <\/div>\n           <\/div>\n                            \n<style>\n#text-box-2026997360 .text {\n  background-color: rgb(12, 180, 206);\n  font-size: 65%;\n}\n#text-box-2026997360 {\n  width: 30%;\n}\n<\/style>\n    <\/div>\n \n        <\/div>\n      <\/div>\n\n              <div class=\"height-fix is-invisible\"><\/div>\n            \n<style>\n#banner-2012016559 {\n  background-color: rgb(255, 255, 255);\n}\n<\/style>\n  <\/div>\n\n\n\t<div id=\"gap-1523076846\" class=\"gap-element clearfix\" style=\"display:block; height:auto;\">\n\t\t\n<style>\n#gap-1523076846 {\n  padding-top: 80px;\n}\n<\/style>\n\t<\/div>\n\t\n<div class=\"row\"  id=\"row-1657045973\">\n\n\t<div id=\"col-2033030085\" class=\"col small-12 large-12\"  >\n\t\t<div class=\"col-inner\"  >\n\t\t\t\n\t\t\t\n\t<div id=\"text-2322112687\" class=\"text\">\n\t\t\n<h4 class=\"\">Th\u00e1i \u0111\u1ed9 ph\u1ea3i c\u00f3<br \/>\nCh\u00fang t\u00f4i l\u00e0 m\u1ed9t doanh nghi\u1ec7p tr\u00e0n \u0111\u1ea7y s\u1ee9c s\u1ed1ng v\u00e0 s\u1ef1 t\u1ef1 do. \u0110i\u1ec1u quan tr\u1ecdng l\u00e0 ph\u1ea3i lu\u00f4n duy tr\u00ec v\u0103n h\u00f3a c\u00f4ng ty vui v\u1ebb v\u00e0 s\u1ed1ng \u0111\u1ed9ng.<\/h4>\n<h4 class=\"\">M\u00f4i tr\u01b0\u1eddng l\u00e0m vi\u1ec7c n\u0103ng \u0111\u1ed9ng t\u1eadp h\u1ee3p nh\u1eefng con ng\u01b0\u1eddi t\u00e0i gi\u1ecfi.<\/h4>\n<h4 class=\"\">Li\u00ean t\u1ee5c mang \u0111\u1ebfn cho kh\u00e1ch h\u00e0ng c\u1ea3m gi\u00e1c h\u00e0i l\u00f2ng c\u00f9ng v\u1edbi s\u1ef1 nh\u1ea1y c\u1ea3m \u0111\u1ed1i v\u1edbi xu h\u01b0\u1edbng c\u1ee7a th\u1eddi \u0111\u1ea1i<\/h4>\n\t\t\n<style>\n#text-2322112687 {\n  text-align: center;\n}\n<\/style>\n\t<\/div>\n\t\n\t\t<\/div>\n\t\t\t<\/div>\n\n\t\n<\/div>\n\t\t<\/div>\n\t\t\t<\/div>\n\n\t\n<\/div>\n\t\t<\/div>\n\n\t\t\n<style>\n#section_516334589 {\n  padding-top: 30px;\n  padding-bottom: 30px;\n}\n<\/style>\n\t<\/section>\n\t\n\t<section class=\"section\" id=\"section_954632579\">\n\t\t<div class=\"bg section-bg fill bg-fill  \" >\n\n\t\t\t\n\t\t\t<div class=\"section-bg-overlay absolute fill\"><\/div>\n\t\t\t\n\n\t\t<\/div>\n\n\t\t<div class=\"section-content relative\">\n\t\t\t\n<div class=\"row\" style=\"max-width:1000px\" id=\"row-519638294\">\n\n\t<div id=\"col-442345126\" class=\"col small-12 large-12\"  >\n\t\t<div class=\"col-inner\"  >\n\t\t\t\n\t\t\t\n\n  <div class=\"banner has-hover\" id=\"banner-1319409634\">\n          <div class=\"banner-inner fill\">\n        <div class=\"banner-bg fill\" >\n            <div class=\"bg fill bg-fill \"><\/div>\n                        <div class=\"overlay\"><\/div>            \n                    <\/div>\n        <div class=\"banner-layers container\">\n            <div class=\"fill banner-link\"><\/div>            \n   <div id=\"text-box-1129827007\" class=\"text-box banner-layer text-box-circle x50 md-x50 lg-x50 y50 md-y50 lg-y50 res-text\">\n                                <div class=\"text dark\">\n              \n              <div class=\"text-inner text-center\">\n                  \n<h3 class=\"uppercase\"><strong>Ch\u00ednh s\u00e1ch qu\u1ea3n l\u00fd c\u01a1 b\u1ea3n<\/strong><\/h3>\n              <\/div>\n           <\/div>\n                            \n<style>\n#text-box-1129827007 .text {\n  background-color: rgb(48, 69, 83);\n  font-size: 65%;\n}\n#text-box-1129827007 {\n  width: 30%;\n}\n<\/style>\n    <\/div>\n \n        <\/div>\n      <\/div>\n\n              <div class=\"height-fix is-invisible\"><\/div>\n            \n<style>\n#banner-1319409634 .overlay {\n  background-color: rgba(255, 255, 255, 0);\n}\n#banner-1319409634 {\n  background-color: rgba(255, 255, 255, 0);\n}\n<\/style>\n  <\/div>\n\n\n\t<div id=\"gap-1551161392\" class=\"gap-element clearfix\" style=\"display:block; height:auto;\">\n\t\t\n<style>\n#gap-1551161392 {\n  padding-top: 80px;\n}\n<\/style>\n\t<\/div>\n\t\n<div class=\"row\"  id=\"row-1855263736\">\n\n\t<div id=\"col-744199361\" class=\"col small-12 large-12\"  >\n\t\t<div class=\"col-inner\"  >\n\t\t\t\n\t\t\t\n\t<div id=\"text-2130469679\" class=\"text\">\n\t\t\n<h4 class=\"mautrang\">Ch\u00ednh s\u00e1ch qu\u1ea3n l\u00fd c\u01a1 b\u1ea3n \u0111\u01b0\u1ee3c n\u00eau trong n\u0103m tuy\u00ean b\u1ed1 d\u01b0\u1edbi \u0111\u00e2y. Ch\u00fang t\u00f4i cam k\u1ebft bao g\u1ed3m c\u00e1c gi\u00e1 tr\u1ecb n\u00e0y trong t\u1ea5t c\u1ea3 c\u00e1c ho\u1ea1t \u0111\u1ed9ng c\u1ee7a c\u00f4ng ty.<\/h4>\n\t\t\n<style>\n#text-2130469679 {\n  text-align: center;\n}\n<\/style>\n\t<\/div>\n\t\n\t<div id=\"gap-592560940\" class=\"gap-element clearfix\" style=\"display:block; height:auto;\">\n\t\t\n<style>\n#gap-592560940 {\n  padding-top: 30px;\n}\n<\/style>\n\t<\/div>\n\t\n\t<div id=\"text-2214216846\" class=\"text\">\n\t\t\n<p class=\"mautrang\">\u30fbY\u00eau qu\u00fd kh\u00e1ch hang \/ Lu\u00f4n lu\u00f4n quan \u0111i\u1ec3m kh\u00e1ch h\u00e0ng l\u00e0 th\u01b0\u1ee3ng \u0111\u1ebf<br \/>\n\u30fbY\u00eau con ng\u01b0\u1eddi \/ T\u00f4n tr\u1ecdng con ng\u01b0\u1eddi, lu\u00f4n quan \u0111i\u1ec3m \u201cC\u00f3 con ng\u01b0\u1eddi m\u1edbi c\u00f3 doanh nghi\u1ec7p\u201d<br \/>\n\u30fbY\u00eau s\u1ea3n ph\u1ea9m \/ Lu\u00f4n lu\u00f4n gi\u1eef tr\u00e1ch nhi\u1ec7m v\u00e0 t\u1ef1 h\u00e0o \u0111\u1ed1i v\u1edbi s\u1ea3n ph\u1ea9m<br \/>\n\u30fbY\u00eau s\u1ef1 s\u00e1ng t\u1ea1o \/ Lu\u00f4n t\u00ecm ki\u1ebfm v\u00e0 n\u1ed7 l\u1ef1c \u0111\u1ec3 ph\u00e1t tri\u1ec3n nh\u1eefng s\u1ea3n ph\u1ea9m t\u1ed1t h\u01a1<br \/>\n\u30fbY\u00eau s\u1ef1 ph\u00e1t tri\u1ec3n \/ Kh\u00f4ng bao gi\u1edd h\u00e0i l\u00f2ng v\u1edbi hi\u1ec7n t\u1ea1i, lu\u00f4n th\u00fac \u0111\u1ea9y s\u1ef1 ph\u00e1t tri\u1ec3n<\/p>\n\t\t\n<style>\n#text-2214216846 {\n  text-align: center;\n}\n<\/style>\n\t<\/div>\n\t\n\t\t<\/div>\n\t\t\t<\/div>\n\n\t\n<\/div>\n\t\t<\/div>\n\t\t\t<\/div>\n\n\t\n<\/div>\n\t\t<\/div>\n\n\t\t\n<style>\n#section_954632579 {\n  padding-top: 30px;\n  padding-bottom: 30px;\n}\n#section_954632579 .section-bg-overlay {\n  background-color: rgba(3, 71, 168, 0.89);\n}\n#section_954632579 .section-bg.bg-loaded {\n  background-image: url(https:\/\/arborex.squareinteriordecor.com\/wp-content\/uploads\/2020\/12\/about-3b.jpg);\n}\n<\/style>\n\t<\/section>\n\t\n","protected":false},"excerpt":{"rendered":"","protected":false},"author":1,"featured_media":0,"parent":0,"menu_order":0,"comment_status":"closed","ping_status":"closed","template":"","meta":[],"_links":{"self":[{"href":"https:\/\/arborex.squareinteriordecor.com\/en\/wp-json\/wp\/v2\/pages\/734"}],"collection":[{"href":"https:\/\/arborex.squareinteriordecor.com\/en\/wp-json\/wp\/v2\/pages"}],"about":[{"href":"https:\/\/arborex.squareinteriordecor.com\/en\/wp-json\/wp\/v2\/types\/page"}],"author":[{"embeddable":true,"href":"https:\/\/arborex.squareinteriordecor.com\/en\/wp-json\/wp\/v2\/users\/1"}],"replies":[{"embeddable":true,"href":"https:\/\/arborex.squareinteriordecor.com\/en\/wp-json\/wp\/v2\/comments?post=734"}],"version-history":[{"count":6,"href":"https:\/\/arborex.squareinteriordecor.com\/en\/wp-json\/wp\/v2\/pages\/734\/revisions"}],"predecessor-version":[{"id":743,"href":"https:\/\/arborex.squareinteriordecor.com\/en\/wp-json\/wp\/v2\/pages\/734\/revisions\/743"}],"wp:attachment":[{"href":"https:\/\/arborex.squareinteriordecor.com\/en\/wp-json\/wp\/v2\/media?parent=734"}],"curies":[{"name":"wp","href":"https:\/\/api.w.org\/{rel}","templated":true}]}}